{"id":3265,"date":"2023-01-02T17:33:53","date_gmt":"2023-01-02T16:33:53","guid":{"rendered":"https:\/\/michael-guiliani.fr\/?post_type=product&#038;p=3265"},"modified":"2023-02-02T14:18:44","modified_gmt":"2023-02-02T13:18:44","slug":"alex","status":"publish","type":"product","link":"https:\/\/michael-guiliani.fr\/index.php\/produit\/alex\/","title":{"rendered":"Alex"},"content":{"rendered":"","protected":false},"excerpt":{"rendered":"<p>De tous temps, le corps humain a \u00e9t\u00e9 l\u2019un des principaux sujets d\u2019inspirations pour les artistes. A la base le nu masculin \u00e9tait tr\u00e8s populaire dans l\u2019Antiquit\u00e9 notamment chez les Grecs !<\/p>\n<p>La photographie d\u2019art nu requiert une certaine technique pour pouvoir prendre de bon clich\u00e9s, en effet comme pour chaque technique le mat\u00e9riel est primordial dans un premier temps.<br \/>\nLe photographe doit choisir le bon \u00e9clairage pour faire des parfaites photos de nu artistique. Souvent la lumi\u00e8re du jour en ext\u00e9rieur est plus facile \u00e0 ma\u00eetriser contrairement en int\u00e9rieur ou il faut opter pour une lumi\u00e8re unique avec un r\u00e9flecteur pour diminuer le contraste. C\u2019est dans ce contexte que l\u2019on vous propose une s\u00e9lection de photo de nu.<\/p>\n<p>Vous pourrez ainsi retrouver dans notre galerie des photos nu noir et blanc.<\/p>\n","protected":false},"featured_media":3309,"template":"","meta":[],"product_cat":[26],"product_tag":[],"class_list":["post-3265","product","type-product","status-publish","has-post-thumbnail","hentry","product_cat-photographie"],"aioseo_notices":[],"_links":{"self":[{"href":"https:\/\/michael-guiliani.fr\/index.php\/wp-json\/wp\/v2\/product\/3265","targetHints":{"allow":["GET"]}}],"collection":[{"href":"https:\/\/michael-guiliani.fr\/index.php\/wp-json\/wp\/v2\/product"}],"about":[{"href":"https:\/\/michael-guiliani.fr\/index.php\/wp-json\/wp\/v2\/types\/product"}],"wp:featuredmedia":[{"embeddable":true,"href":"https:\/\/michael-guiliani.fr\/index.php\/wp-json\/wp\/v2\/media\/3309"}],"wp:attachment":[{"href":"https:\/\/michael-guiliani.fr\/index.php\/wp-json\/wp\/v2\/media?parent=3265"}],"wp:term":[{"taxonomy":"product_cat","embeddable":true,"href":"https:\/\/michael-guiliani.fr\/index.php\/wp-json\/wp\/v2\/product_cat?post=3265"},{"taxonomy":"product_tag","embeddable":true,"href":"https:\/\/michael-guiliani.fr\/index.php\/wp-json\/wp\/v2\/product_tag?post=3265"}],"curies":[{"name":"wp","href":"https:\/\/api.w.org\/{rel}","templated":true}]}}