{"id":41,"date":"2016-07-21T10:20:05","date_gmt":"2016-07-21T10:20:05","guid":{"rendered":"http:\/\/impreza7.us-themes.com\/?page_id=41"},"modified":"2020-01-03T12:19:27","modified_gmt":"2020-01-03T11:19:27","slug":"f-a-q","status":"publish","type":"page","link":"https:\/\/michael-guiliani.fr\/index.php\/f-a-q\/","title":{"rendered":"F.A.Q."},"content":{"rendered":"<section class=\"l-section wpb_row height_medium\"><div class=\"l-section-h i-cf\"><div class=\"g-cols offset_none valign_middle\"><div class=\"vc_col-sm-6 wpb_column vc_column_container  vc_custom_1472051745393\"><div class=\"vc_column-inner\"><div class=\"wpb_text_column \"><div class=\"wpb_wrapper\">\n<h1>FAQ &#8211; Les question fr\u00e9quentes<\/h1>\n<\/div> <\/div> <div class=\"w-separator type_invisible size_medium thick_1 style_solid color_border cont_none\"><span class=\"w-separator-h\"><\/span><\/div><div class=\"w-tabs layout_default accordion title_left icon_chevron iconpos_right \"><div class=\"w-tabs-list items_5\"><div class=\"w-tabs-list-h\"><div class=\"w-tabs-item with_icon\"><a href=\"#1469185436534-6febc183-7331\" class=\"w-tabs-item-h\"><i class=\"fa fa-camera\"><\/i><span class=\"w-tabs-item-title\">Comment peut-on vous contacter?<\/span><\/a><\/div>\n<div class=\"w-tabs-item with_icon\"><a href=\"#1575546601810-a48a53fb-f99e\" class=\"w-tabs-item-h\"><i class=\"fa fa-camera-retro\"><\/i><span class=\"w-tabs-item-title\">O\u00f9 vous trouvez-vous?<\/span><\/a><\/div>\n<div class=\"w-tabs-item with_icon\"><a href=\"#1575546601280-88abc448-2b1c\" class=\"w-tabs-item-h\"><i class=\"fa fa-map\"><\/i><span class=\"w-tabs-item-title\">Quels sont vos th\u00e8mes en photographie?<\/span><\/a><\/div>\n<div class=\"w-tabs-item with_icon\"><a href=\"#1575546600798-7b802c2c-7bc8\" class=\"w-tabs-item-h\"><i class=\"fa fa-question-circle\"><\/i><span class=\"w-tabs-item-title\">Quels sont vos tarifs?<\/span><\/a><\/div>\n<div class=\"w-tabs-item with_icon\"><a href=\"#1575546600244-be6ea53c-de7c\" class=\"w-tabs-item-h\"><i class=\"fa fa-question\"><\/i><span class=\"w-tabs-item-title\">Combien de temps dure une s\u00e9ance photos?<\/span><\/a><\/div>\n<\/div><\/div><div class=\"w-tabs-sections\"><div class=\"w-tabs-sections-h\"><div class=\"w-tabs-section with_icon\" id=\"1469185436534-6febc183-7331\"><a href=\"#1469185436534-6febc183-7331\" class=\"w-tabs-section-header\"><div class=\"w-tabs-section-header-h\"><i class=\"fa fa-camera\"><\/i><h5 class=\"w-tabs-section-title\">Comment peut-on vous contacter?<\/h5><div class=\"w-tabs-section-control\"><\/div><\/div><\/a><div class=\"w-tabs-section-content\"><div class=\"w-tabs-section-content-h i-cf\"><div class=\"wpb_text_column \"><div class=\"wpb_wrapper\">\n<div id=\"TheTexte\" class=\"Texte\" lang=\"zxx\">\n<p>Vous pouvez me contacter via la page de contact sur mon site internet, par mail et aussi les r\u00e9seaux sociaux.<\/p>\n<\/div>\n<\/div> <\/div> <\/div><\/div><\/div><div class=\"w-tabs-section with_icon\" id=\"1575546601810-a48a53fb-f99e\"><a href=\"#1575546601810-a48a53fb-f99e\" class=\"w-tabs-section-header\"><div class=\"w-tabs-section-header-h\"><i class=\"fa fa-camera-retro\"><\/i><h5 class=\"w-tabs-section-title\">O\u00f9 vous trouvez-vous?<\/h5><div class=\"w-tabs-section-control\"><\/div><\/div><\/a><div class=\"w-tabs-section-content\"><div class=\"w-tabs-section-content-h i-cf\"><div class=\"wpb_text_column \"><div class=\"wpb_wrapper\">\n<div id=\"TheTexte\" class=\"Texte\" lang=\"zxx\">\n<p>J&#8217;habite dans le 77 \u00e0 c\u00f4t\u00e9 de Disney. Je poss\u00e8de un studio photo chez moi. Je peux aussi me d\u00e9placer pour des demandes de shooting en ext\u00e9rieur et \u00e0 Paris.<\/p>\n<\/div>\n<\/div> <\/div> <\/div><\/div><\/div><div class=\"w-tabs-section with_icon\" id=\"1575546601280-88abc448-2b1c\"><a href=\"#1575546601280-88abc448-2b1c\" class=\"w-tabs-section-header\"><div class=\"w-tabs-section-header-h\"><i class=\"fa fa-map\"><\/i><h5 class=\"w-tabs-section-title\">Quels sont vos th\u00e8mes en photographie?<\/h5><div class=\"w-tabs-section-control\"><\/div><\/div><\/a><div class=\"w-tabs-section-content\"><div class=\"w-tabs-section-content-h i-cf\"><div class=\"wpb_text_column \"><div class=\"wpb_wrapper\">\n<div id=\"TheTexte\" class=\"Texte\" lang=\"zxx\">\n<p>Je fais des portraits, mode et urbex essentiellement. Je fais aussi des photos de couple.<\/p>\n<\/div>\n<\/div> <\/div> <\/div><\/div><\/div><div class=\"w-tabs-section with_icon\" id=\"1575546600798-7b802c2c-7bc8\"><a href=\"#1575546600798-7b802c2c-7bc8\" class=\"w-tabs-section-header\"><div class=\"w-tabs-section-header-h\"><i class=\"fa fa-question-circle\"><\/i><h5 class=\"w-tabs-section-title\">Quels sont vos tarifs?<\/h5><div class=\"w-tabs-section-control\"><\/div><\/div><\/a><div class=\"w-tabs-section-content\"><div class=\"w-tabs-section-content-h i-cf\"><div class=\"wpb_text_column \"><div class=\"wpb_wrapper\">\n<div id=\"TheTexte\" class=\"Texte\" lang=\"zxx\">\n<p>Pour un devis, me contacter par mail en donnant des informations sur ce que vous souhaitez. Style et th\u00e8me de photos, combien de photos etc&#8230;<\/p>\n<\/div>\n<\/div> <\/div> <\/div><\/div><\/div><div class=\"w-tabs-section with_icon\" id=\"1575546600244-be6ea53c-de7c\"><a href=\"#1575546600244-be6ea53c-de7c\" class=\"w-tabs-section-header\"><div class=\"w-tabs-section-header-h\"><i class=\"fa fa-question\"><\/i><h5 class=\"w-tabs-section-title\">Combien de temps dure une s\u00e9ance photos?<\/h5><div class=\"w-tabs-section-control\"><\/div><\/div><\/a><div class=\"w-tabs-section-content\"><div class=\"w-tabs-section-content-h i-cf\"><div class=\"wpb_text_column \"><div class=\"wpb_wrapper\">\n<div id=\"TheTexte\" class=\"Texte\" lang=\"zxx\">\n<p>En g\u00e9n\u00e9ral, il faut compter 1h-1h30<\/p>\n<\/div>\n<\/div> <\/div> <\/div><\/div><\/div><\/div><\/div><\/div><\/div><\/div><div class=\"vc_col-sm-6 vc_hidden-sm vc_hidden-xs wpb_column vc_column_container vc_col-has-fill  vc_custom_1575546798359\"><div class=\"vc_column-inner\"><div class=\"w-image\"><div class=\"us-frame\"><img loading=\"lazy\" decoding=\"async\" width=\"1024\" height=\"680\" src=\"https:\/\/michael-guiliani.fr\/wp-content\/uploads\/2019\/12\/40-1024x680.jpg\" class=\"attachment-large size-large\" alt=\"\" srcset=\"https:\/\/michael-guiliani.fr\/wp-content\/uploads\/2019\/12\/40-1024x680.jpg 1024w, https:\/\/michael-guiliani.fr\/wp-content\/uploads\/2019\/12\/40-300x199.jpg 300w, https:\/\/michael-guiliani.fr\/wp-content\/uploads\/2019\/12\/40-768x510.jpg 768w, https:\/\/michael-guiliani.fr\/wp-content\/uploads\/2019\/12\/40-1536x1020.jpg 1536w, https:\/\/michael-guiliani.fr\/wp-content\/uploads\/2019\/12\/40-600x399.jpg 600w, https:\/\/michael-guiliani.fr\/wp-content\/uploads\/2019\/12\/40.jpg 1600w\" sizes=\"auto, (max-width: 1024px) 100vw, 1024px\" \/><\/div><\/div><\/div><\/div><\/div><\/div><\/section>\n","protected":false},"excerpt":{"rendered":"FAQ - Les question fr\u00e9quentes Comment peut-on vous contacter? O\u00f9 vous trouvez-vous? Quels sont vos th\u00e8mes en photographie? Quels sont vos tarifs? Combien de temps dure une s\u00e9ance photos? Comment peut-on vous contacter? Vous pouvez me contacter via la page de contact sur mon site internet, par mail et aussi les r\u00e9seaux sociaux. O\u00f9 vous...","protected":false},"author":1,"featured_media":0,"parent":0,"menu_order":0,"comment_status":"closed","ping_status":"closed","template":"","meta":{"footnotes":""},"class_list":["post-41","page","type-page","status-publish","hentry"],"aioseo_notices":[],"_links":{"self":[{"href":"https:\/\/michael-guiliani.fr\/index.php\/wp-json\/wp\/v2\/pages\/41","targetHints":{"allow":["GET"]}}],"collection":[{"href":"https:\/\/michael-guiliani.fr\/index.php\/wp-json\/wp\/v2\/pages"}],"about":[{"href":"https:\/\/michael-guiliani.fr\/index.php\/wp-json\/wp\/v2\/types\/page"}],"author":[{"embeddable":true,"href":"https:\/\/michael-guiliani.fr\/index.php\/wp-json\/wp\/v2\/users\/1"}],"replies":[{"embeddable":true,"href":"https:\/\/michael-guiliani.fr\/index.php\/wp-json\/wp\/v2\/comments?post=41"}],"version-history":[{"count":5,"href":"https:\/\/michael-guiliani.fr\/index.php\/wp-json\/wp\/v2\/pages\/41\/revisions"}],"predecessor-version":[{"id":3116,"href":"https:\/\/michael-guiliani.fr\/index.php\/wp-json\/wp\/v2\/pages\/41\/revisions\/3116"}],"wp:attachment":[{"href":"https:\/\/michael-guiliani.fr\/index.php\/wp-json\/wp\/v2\/media?parent=41"}],"curies":[{"name":"wp","href":"https:\/\/api.w.org\/{rel}","templated":true}]}}