{"id":1541,"date":"2016-08-04T13:32:08","date_gmt":"2016-08-04T13:32:08","guid":{"rendered":"http:\/\/impreza7.us-themes.com\/?page_id=1541"},"modified":"2023-01-02T19:10:20","modified_gmt":"2023-01-02T18:10:20","slug":"contact","status":"publish","type":"page","link":"https:\/\/michael-guiliani.fr\/index.php\/contact\/","title":{"rendered":"Contact"},"content":{"rendered":"<section class=\"l-section wpb_row height_medium with_img\"><div class=\"l-section-img\" style=\"background-image: url(https:\/\/michael-guiliani.fr\/wp-content\/uploads\/2019\/12\/22.jpg);background-position: top center;\" data-img-width=\"1600\" data-img-height=\"1068\"><\/div><div class=\"l-section-h i-cf\"><div class=\"g-cols offset_small\"><div class=\"vc_col-sm-12 wpb_column vc_column_container\"><div class=\"vc_column-inner\">[vc_empty_space height=&#8221;80px&#8221;]<div class=\"wpb_text_column \"><div class=\"wpb_wrapper\">\n<h1 style=\"text-align: center;\"><span style=\"color: #ffffff;\"><strong>CONTACT<\/strong><\/span><\/h1>\n<\/div> <\/div> [vc_empty_space height=&#8221;80px&#8221;]<\/div><\/div><\/div><\/div><\/section><section class=\"l-section wpb_row height_medium\"><div class=\"l-section-h i-cf\"><div class=\"g-cols offset_large\"><div class=\"vc_col-sm-6 wpb_column vc_column_container\"><div class=\"vc_column-inner\"><div class=\"wpb_text_column \"><div class=\"wpb_wrapper\">\n<h2>Informations<\/h2>\n<p>Pour toutes r\u00e9servations ou demande d&#8217;informations compl\u00e9mentaires,, n&#8217;h\u00e9sitez pas \u00e0 me contacter par mail!<\/div> <\/div> <div class=\"w-separator type_invisible size_small thick_1 style_solid color_border cont_none\"><span class=\"w-separator-h\"><\/span><\/div><div class=\"w-iconbox iconpos_left size_small style_default color_primary\"><div class=\"w-iconbox-icon\"><i class=\"mdfi_communication_phone\"><\/i><\/div><h4 class=\"w-iconbox-title\">06 21 99 26 97<\/h4><\/div><div class=\"w-separator type_invisible size_small thick_1 style_solid color_border cont_none\"><span class=\"w-separator-h\"><\/span><\/div><div class=\"w-iconbox iconpos_left size_small style_default color_primary\"><a class=\"w-iconbox-link\" href=\"mailto:guilianimichael@gmail.com\"><div class=\"w-iconbox-icon\"><i class=\"mdfi_content_mail\"><\/i><\/div><h5 class=\"w-iconbox-title\">guilianimichael@gmail.com<\/h5><\/a><\/div><div class=\"w-separator type_invisible size_small thick_1 style_solid color_border cont_none\"><span class=\"w-separator-h\"><\/span><\/div><div class=\"w-socials align_left style_desaturated index_1\" style=\"font-size: 24px;\"><div class=\"w-socials-list\"><div class=\"w-socials-item facebook\">\n\t\t\t\t<a class=\"w-socials-item-link\" target=\"_blank\" href=\"https:\/\/www.facebook.com\/michael.guiliani.9\">\n\t\t\t\t\t<span class=\"w-socials-item-link-hover\"><\/span>\n\t\t\t\t<\/a>\n\t\t\t\t<div class=\"w-socials-item-popup\">\n\t\t\t\t\t<span>Facebook<\/span>\n\t\t\t\t<\/div>\n\t\t\t<\/div><div class=\"w-socials-item instagram\">\n\t\t\t\t<a class=\"w-socials-item-link\" target=\"_blank\" href=\"https:\/\/www.instagram.com\/michael_guiliani\/?hl=fr\">\n\t\t\t\t\t<span class=\"w-socials-item-link-hover\"><\/span>\n\t\t\t\t<\/a>\n\t\t\t\t<div class=\"w-socials-item-popup\">\n\t\t\t\t\t<span>Instagram<\/span>\n\t\t\t\t<\/div>\n\t\t\t<\/div><\/div><\/div><div class=\"w-separator type_invisible size_medium thick_1 style_solid color_border cont_none\"><span class=\"w-separator-h\"><\/span><\/div><\/div><\/div><div class=\"vc_col-sm-6 wpb_column vc_column_container\"><div class=\"vc_column-inner\"><div class=\"wpb_text_column \"><div class=\"wpb_wrapper\">\n<h2>Me contacter<\/h2>\n<\/div> <\/div> <div class=\"w-form for_cform align_left\" id=\"us_form_1\">\n\t<form class=\"w-form-h\" autocomplete=\"off\" action=\"https:\/\/michael-guiliani.fr\/index.php\/wp-json\/wp\/v2\/pages\/1541\" method=\"post\">\n\t\t\t\t\t\t\t<div class=\"w-form-row for_name required\">\n\t<div class=\"w-form-row-label\">\n\t\t<label for=\"us_form_1_name\"><\/label>\n\t<\/div>\n\t<div class=\"w-form-row-field\">\n\t\t\t\t<input type=\"text\" name=\"name\" id=\"us_form_1_name\" value=\"\"\n\t\t       placeholder=\"Nom *\" data-required=\"true\" aria-required=\"true\"\/>\n\t\t<span class=\"w-form-row-field-bar\"><\/span>\n\t\t\t<\/div>\n\t<div class=\"w-form-row-state\"><\/div>\n\t<\/div>\n\t\t\t\t\t<div class=\"w-form-row for_email required\">\n\t<div class=\"w-form-row-label\">\n\t\t<label for=\"us_form_1_email\"><\/label>\n\t<\/div>\n\t<div class=\"w-form-row-field\">\n\t\t\t\t<input type=\"email\" name=\"email\" id=\"us_form_1_email\" value=\"\"\n\t\t       placeholder=\"Email *\" data-required=\"true\" aria-required=\"true\"\/>\n\t\t<span class=\"w-form-row-field-bar\"><\/span>\n\t\t\t<\/div>\n\t<div class=\"w-form-row-state\"><\/div>\n\t<\/div>\n\t\t\t\t\t<div class=\"w-form-row for_phone\">\n\t<div class=\"w-form-row-label\">\n\t\t<label for=\"us_form_1_phone\"><\/label>\n\t<\/div>\n\t<div class=\"w-form-row-field\">\n\t\t\t\t<input type=\"text\" name=\"phone\" id=\"us_form_1_phone\" value=\"\"\n\t\t       placeholder=\"Num\u00e9ro de t\u00e9l\u00e9phone\"\/>\n\t\t<span class=\"w-form-row-field-bar\"><\/span>\n\t\t\t<\/div>\n\t<div class=\"w-form-row-state\"><\/div>\n\t<\/div>\n\t\t\t\t\t<div class=\"w-form-row for_message required\">\n\t<div class=\"w-form-row-label\">\n\t\t<label for=\"us_form_1_message\"><\/label>\n\t<\/div>\n\t<div class=\"w-form-row-field\">\n\t\t\t\t<textarea name=\"message\" id=\"us_form_1_message\" cols=\"30\" rows=\"10\" placeholder=\"Message *\"\n\t\t\t data-required=\"true\" aria-required=\"true\"><\/textarea>\n\t\t<span class=\"w-form-row-field-bar\"><\/span>\n\t\t\t<\/div>\n\t<div class=\"w-form-row-state\"><\/div>\n\t<\/div>\n\t\t\t\t\t<input type=\"hidden\" name=\"action\" value=\"us_ajax_cform\"\/>\n\t\t\t\t\t<input type=\"hidden\" name=\"post_id\" value=\"1541\"\/>\n\t\t\t\t\t<input type=\"hidden\" name=\"form_index\" value=\"1\"\/>\n\t\t\t\t\t<div class=\"w-form-row for_submit\">\n\t<div class=\"w-form-row-field\">\n\t\t<button class=\"w-btn size_15px color_primary style_outlined\" type=\"submit\"><span class=\"g-preloader type_1\"><\/span><span class=\"w-btn-label\">Envoyer le message<\/span><\/button>\n\t<\/div>\n<\/div>\n\t\t\t\t<div class=\"w-form-message\"><\/div>\n\t\t\t<\/form>\n\t\t\t<div class=\"w-form-json hidden\" onclick='return {&quot;ajaxurl&quot;:&quot;https:\\\/\\\/michael-guiliani.fr\\\/wp-admin\\\/admin-ajax.php&quot;,&quot;success&quot;:&quot;Merci ! Votre message vient d&#039;\\u00eatre envoy\\u00e9&quot;,&quot;errors&quot;:{&quot;name&quot;:&quot;Saisir votre nom, s&#039;il vous pla\\u00eet&quot;,&quot;email&quot;:&quot;Saisir votre email, s&#039;il vous pla\\u00eet&quot;,&quot;phone&quot;:&quot;Saisir votre num\\u00e9ro de t\\u00e9l\\u00e9phone, s&#039;il vous pla\\u00eet&quot;,&quot;message&quot;:&quot;Saisir votre message, s&#039;il vous pla\\u00eet&quot;}}'><\/div>\n\t<\/div>\n<\/div><\/div><\/div><\/div><\/section>\n","protected":false},"excerpt":{"rendered":"[vc_empty_space height=\"80px\"] CONTACT [vc_empty_space height=\"80px\"] Informations Pour toutes r\u00e9servations ou demande d'informations compl\u00e9mentaires,, n'h\u00e9sitez pas \u00e0 me contacter par mail! 06 21 99 26 97guilianimichael@gmail.com Facebook Instagram Me contacter Envoyer le message","protected":false},"author":1,"featured_media":0,"parent":0,"menu_order":0,"comment_status":"closed","ping_status":"closed","template":"","meta":{"footnotes":""},"class_list":["post-1541","page","type-page","status-publish","hentry"],"aioseo_notices":[],"_links":{"self":[{"href":"https:\/\/michael-guiliani.fr\/index.php\/wp-json\/wp\/v2\/pages\/1541","targetHints":{"allow":["GET"]}}],"collection":[{"href":"https:\/\/michael-guiliani.fr\/index.php\/wp-json\/wp\/v2\/pages"}],"about":[{"href":"https:\/\/michael-guiliani.fr\/index.php\/wp-json\/wp\/v2\/types\/page"}],"author":[{"embeddable":true,"href":"https:\/\/michael-guiliani.fr\/index.php\/wp-json\/wp\/v2\/users\/1"}],"replies":[{"embeddable":true,"href":"https:\/\/michael-guiliani.fr\/index.php\/wp-json\/wp\/v2\/comments?post=1541"}],"version-history":[{"count":8,"href":"https:\/\/michael-guiliani.fr\/index.php\/wp-json\/wp\/v2\/pages\/1541\/revisions"}],"predecessor-version":[{"id":2799,"href":"https:\/\/michael-guiliani.fr\/index.php\/wp-json\/wp\/v2\/pages\/1541\/revisions\/2799"}],"wp:attachment":[{"href":"https:\/\/michael-guiliani.fr\/index.php\/wp-json\/wp\/v2\/media?parent=1541"}],"curies":[{"name":"wp","href":"https:\/\/api.w.org\/{rel}","templated":true}]}}